{"id":12,"date":"2021-12-14T13:12:37","date_gmt":"2021-12-14T12:12:37","guid":{"rendered":"https:\/\/dev.haellischgut.de\/dev\/?page_id=12"},"modified":"2022-12-13T08:51:22","modified_gmt":"2022-12-13T07:51:22","slug":"haellisch-gut","status":"publish","type":"page","link":"https:\/\/www.haellischgut.de\/","title":{"rendered":"H\u00e4llisch gut"},"content":{"rendered":"\n<h1 class=\"has-text-align-center wp-block-heading\">Herzlich willkommen bei der <br>L\u00f6wenbrauerei Hall &amp; Haller Wildbadquelle<\/h1>\n\n\n\n<div style=\"height:60px\" aria-hidden=\"true\" class=\"wp-block-spacer\"><\/div>\n\n\n\n<h2 class=\"has-text-align-center wp-block-heading\">Wir sind h\u00e4llisch gut!<\/h2>\n\n\n\n<p class=\"has-text-align-center\">Wir begr\u00fc\u00dfen Sie herzlich bei der L\u00f6wenbrauerei Hall und Haller Wildbadquelle. Besuchen Sie einfach die Websites unserer Unternehmen und erfahren Sie mehr \u00fcber unsere ausgezeichneten Bierspezialit\u00e4ten und hervorragenden Produkte der Haller Wildbadquelle.<br>Folgen Sie uns bereits in den Sozialen Medien? Denn dort erhalten Sie aktuelle Informationen \u00fcber Aktionen, Produkte und unsere Unternehmen.<\/p>\n\n\n<div class=\"wp-block-image\">\n<figure class=\"aligncenter size-full\"><img decoding=\"async\" width=\"200\" height=\"200\" src=\"https:\/\/dev.haellischgut.de\/dev\/wp-content\/uploads\/2021\/12\/welcome-200x200-1.png\" alt=\"\" class=\"wp-image-44\" srcset=\"https:\/\/www.haellischgut.de\/wp-content\/uploads\/2021\/12\/welcome-200x200-1-66x66.png 66w, https:\/\/www.haellischgut.de\/wp-content\/uploads\/2021\/12\/welcome-200x200-1-150x150.png 150w, https:\/\/www.haellischgut.de\/wp-content\/uploads\/2021\/12\/welcome-200x200-1.png 200w\" sizes=\"(max-width: 200px) 100vw, 200px\" \/><\/figure>\n<\/div>\n\n\n<p class=\"has-text-align-center\">Viel Spa\u00df und h\u00e4llisch gute Gr\u00fc\u00dfe,<br>Ihr Hans Firnkorn &amp; Peter Theilacker<\/p>\n\n\n<style>#kt-layout-id_959f61-53 > .kt-row-column-wrap{align-content:start;}:where(#kt-layout-id_959f61-53 > .kt-row-column-wrap) > .wp-block-kadence-column{justify-content:start;}#kt-layout-id_959f61-53 > .kt-row-column-wrap{column-gap:var(--global-kb-gap-md, 2rem);row-gap:var(--global-kb-gap-md, 2rem);padding-top:var( --global-kb-row-default-top, 25px );padding-bottom:var( --global-kb-row-default-bottom, 25px );padding-top:60px;padding-bottom:0px;grid-template-columns:minmax(0, 1fr);}#kt-layout-id_959f61-53 > .kt-row-layout-overlay{opacity:0.30;}@media all and (max-width: 1024px){#kt-layout-id_959f61-53 > .kt-row-column-wrap{grid-template-columns:minmax(0, 1fr);}}@media all and (max-width: 767px){#kt-layout-id_959f61-53 > .kt-row-column-wrap{grid-template-columns:minmax(0, 1fr);}}<\/style>\n<div class=\"wp-block-kadence-rowlayout alignnone\"><div id=\"kt-layout-id_959f61-53\" class=\"kt-row-layout-inner kt-layout-id_959f61-53\"><div class=\"kt-row-column-wrap kt-has-1-columns kt-gutter-default kt-v-gutter-default kt-row-valign-top kt-row-layout-equal kt-tab-layout-inherit kt-m-colapse-left-to-right kt-mobile-layout-row\"><style>.kadence-column_e85b02-af > .kt-inside-inner-col{border-top-width:0px;border-right-width:0px;border-bottom-width:0px;border-left-width:0px;}.kadence-column_e85b02-af > .kt-inside-inner-col,.kadence-column_e85b02-af > .kt-inside-inner-col:before{border-top-left-radius:0px;border-top-right-radius:0px;border-bottom-right-radius:0px;border-bottom-left-radius:0px;}.kadence-column_e85b02-af > .kt-inside-inner-col{column-gap:var(--global-kb-gap-sm, 1rem);}.kadence-column_e85b02-af > .kt-inside-inner-col{flex-direction:column;}.kadence-column_e85b02-af > .kt-inside-inner-col > .aligncenter{width:100%;}.kadence-column_e85b02-af > .kt-inside-inner-col:before{opacity:0.3;}.kadence-column_e85b02-af{position:relative;}@media all and (max-width: 1024px){.kadence-column_e85b02-af > .kt-inside-inner-col{flex-direction:column;justify-content:center;}}@media all and (max-width: 767px){.kadence-column_e85b02-af > .kt-inside-inner-col{flex-direction:column;justify-content:center;}}<\/style>\n<div class=\"wp-block-kadence-column inner-column-1 kadence-column_e85b02-af\"><div class=\"kt-inside-inner-col\"><div class=\"wp-block-image\">\n<figure class=\"aligncenter size-full is-resized\"><img decoding=\"async\" src=\"https:\/\/dev.haellischgut.de\/dev\/wp-content\/uploads\/2021\/12\/hl_prod.jpg\" alt=\"\" class=\"wp-image-63\" width=\"2000\" height=\"462\" srcset=\"https:\/\/www.haellischgut.de\/wp-content\/uploads\/2021\/12\/hl_prod-200x46.jpg 200w, https:\/\/www.haellischgut.de\/wp-content\/uploads\/2021\/12\/hl_prod-300x69.jpg 300w, https:\/\/www.haellischgut.de\/wp-content\/uploads\/2021\/12\/hl_prod-400x92.jpg 400w, https:\/\/www.haellischgut.de\/wp-content\/uploads\/2021\/12\/hl_prod-600x139.jpg 600w, https:\/\/www.haellischgut.de\/wp-content\/uploads\/2021\/12\/hl_prod-768x177.jpg 768w, https:\/\/www.haellischgut.de\/wp-content\/uploads\/2021\/12\/hl_prod-800x185.jpg 800w, https:\/\/www.haellischgut.de\/wp-content\/uploads\/2021\/12\/hl_prod-1024x237.jpg 1024w, https:\/\/www.haellischgut.de\/wp-content\/uploads\/2021\/12\/hl_prod-1200x277.jpg 1200w, https:\/\/www.haellischgut.de\/wp-content\/uploads\/2021\/12\/hl_prod-1536x355.jpg 1536w, https:\/\/www.haellischgut.de\/wp-content\/uploads\/2021\/12\/hl_prod.jpg 2000w\" sizes=\"(max-width: 2000px) 100vw, 2000px\" \/><\/figure>\n<\/div>\n\n<style>.wp-block-kadence-advancedbtn.kb-btns_742de4-b1{gap:var(--global-kb-gap-xs, 0.5rem );justify-content:center;align-items:center;}.kt-btns_742de4-b1 .kt-button{font-family:Oswald;font-weight:400;font-style:normal;}.kt-btns_742de4-b1 .kt-btn-wrap-0{margin-right:5px;}.wp-block-kadence-advancedbtn.kt-btns_742de4-b1 .kt-btn-wrap-0 .kt-button{color:#555555;border-color:#555555;}.wp-block-kadence-advancedbtn.kt-btns_742de4-b1 .kt-btn-wrap-0 .kt-button:hover, .wp-block-kadence-advancedbtn.kt-btns_742de4-b1 .kt-btn-wrap-0 .kt-button:focus{color:#ffffff;border-color:#444444;}.wp-block-kadence-advancedbtn.kt-btns_742de4-b1 .kt-btn-wrap-0 .kt-button::before{display:none;}.wp-block-kadence-advancedbtn.kt-btns_742de4-b1 .kt-btn-wrap-0 .kt-button:hover, .wp-block-kadence-advancedbtn.kt-btns_742de4-b1 .kt-btn-wrap-0 .kt-button:focus{background:#444444;}<\/style>\n<div class=\"wp-block-kadence-advancedbtn kt-btn-align-center kt-btn-tablet-align-inherit kt-btn-mobile-align-inherit kt-btns-wrap kt-btns_742de4-b1\"><div class=\"kt-btn-wrap kt-btn-wrap-0\"><a class=\"kt-button button kt-btn-0-action kt-btn-size-standard kt-btn-style-basic kt-btn-svg-show-always kt-btn-has-text-true kt-btn-has-svg-false\" href=\"https:\/\/www.haller-loewenbraeu.de\" target=\"_blank\" rel=\"noreferrer noopener\"><span class=\"kt-btn-inner-text\">Zur L\u00f6wenbrauerei Hall<\/span><\/a><\/div><\/div>\n<\/div><\/div>\n<\/div><\/div><\/div>\n\n\n\n<div style=\"height:60px\" aria-hidden=\"true\" class=\"wp-block-spacer\"><\/div>\n\n\n<style>#kt-layout-id_7d7c1e-16 > .kt-row-column-wrap{align-content:start;}:where(#kt-layout-id_7d7c1e-16 > .kt-row-column-wrap) > .wp-block-kadence-column{justify-content:start;}#kt-layout-id_7d7c1e-16 > .kt-row-column-wrap{column-gap:var(--global-kb-gap-md, 2rem);row-gap:var(--global-kb-gap-md, 2rem);padding-top:var( --global-kb-row-default-top, 25px );padding-bottom:var( --global-kb-row-default-bottom, 25px );padding-top:0px;padding-bottom:0px;grid-template-columns:minmax(0, 1fr);}#kt-layout-id_7d7c1e-16 > .kt-row-layout-overlay{opacity:0.30;}@media all and (max-width: 1024px){#kt-layout-id_7d7c1e-16 > .kt-row-column-wrap{grid-template-columns:minmax(0, 1fr);}}@media all and (max-width: 767px){#kt-layout-id_7d7c1e-16 > .kt-row-column-wrap{grid-template-columns:minmax(0, 1fr);}}<\/style>\n<div class=\"wp-block-kadence-rowlayout alignnone\"><div id=\"kt-layout-id_7d7c1e-16\" class=\"kt-row-layout-inner kt-layout-id_7d7c1e-16\"><div class=\"kt-row-column-wrap kt-has-1-columns kt-gutter-default kt-v-gutter-default kt-row-valign-top kt-row-layout-equal kt-tab-layout-inherit kt-m-colapse-left-to-right kt-mobile-layout-row\"><style>.kadence-column_9cd2bb-44 > .kt-inside-inner-col{border-top-width:0px;border-right-width:0px;border-bottom-width:0px;border-left-width:0px;}.kadence-column_9cd2bb-44 > .kt-inside-inner-col,.kadence-column_9cd2bb-44 > .kt-inside-inner-col:before{border-top-left-radius:0px;border-top-right-radius:0px;border-bottom-right-radius:0px;border-bottom-left-radius:0px;}.kadence-column_9cd2bb-44 > .kt-inside-inner-col{column-gap:var(--global-kb-gap-sm, 1rem);}.kadence-column_9cd2bb-44 > .kt-inside-inner-col{flex-direction:column;}.kadence-column_9cd2bb-44 > .kt-inside-inner-col > .aligncenter{width:100%;}.kadence-column_9cd2bb-44 > .kt-inside-inner-col:before{opacity:0.3;}.kadence-column_9cd2bb-44{position:relative;}@media all and (max-width: 1024px){.kadence-column_9cd2bb-44 > .kt-inside-inner-col{flex-direction:column;justify-content:center;}}@media all and (max-width: 767px){.kadence-column_9cd2bb-44 > .kt-inside-inner-col{flex-direction:column;justify-content:center;}}<\/style>\n<div class=\"wp-block-kadence-column inner-column-1 kadence-column_9cd2bb-44\"><div class=\"kt-inside-inner-col\">\n<div style=\"height:35px\" aria-hidden=\"true\" class=\"wp-block-spacer\"><\/div>\n\n\n<div class=\"wp-block-image\">\n<figure class=\"aligncenter size-full\"><img decoding=\"async\" width=\"2000\" height=\"280\" src=\"https:\/\/dev.haellischgut.de\/dev\/wp-content\/uploads\/2021\/12\/wq_prod.jpg\" alt=\"\" class=\"wp-image-78\" srcset=\"https:\/\/www.haellischgut.de\/wp-content\/uploads\/2021\/12\/wq_prod-200x28.jpg 200w, https:\/\/www.haellischgut.de\/wp-content\/uploads\/2021\/12\/wq_prod-300x42.jpg 300w, https:\/\/www.haellischgut.de\/wp-content\/uploads\/2021\/12\/wq_prod-400x56.jpg 400w, https:\/\/www.haellischgut.de\/wp-content\/uploads\/2021\/12\/wq_prod-600x84.jpg 600w, https:\/\/www.haellischgut.de\/wp-content\/uploads\/2021\/12\/wq_prod-768x108.jpg 768w, https:\/\/www.haellischgut.de\/wp-content\/uploads\/2021\/12\/wq_prod-800x112.jpg 800w, https:\/\/www.haellischgut.de\/wp-content\/uploads\/2021\/12\/wq_prod-1024x143.jpg 1024w, https:\/\/www.haellischgut.de\/wp-content\/uploads\/2021\/12\/wq_prod-1200x168.jpg 1200w, https:\/\/www.haellischgut.de\/wp-content\/uploads\/2021\/12\/wq_prod-1536x215.jpg 1536w, https:\/\/www.haellischgut.de\/wp-content\/uploads\/2021\/12\/wq_prod.jpg 2000w\" sizes=\"(max-width: 2000px) 100vw, 2000px\" \/><\/figure>\n<\/div>\n\n<style>.wp-block-kadence-advancedbtn.kb-btns_fbfade-51{gap:var(--global-kb-gap-xs, 0.5rem );justify-content:center;align-items:center;}.kt-btns_fbfade-51 .kt-button{font-family:Oswald;font-weight:400;font-style:normal;}.kt-btns_fbfade-51 .kt-btn-wrap-0{margin-right:5px;}.wp-block-kadence-advancedbtn.kt-btns_fbfade-51 .kt-btn-wrap-0 .kt-button{color:#555555;border-color:#555555;}.wp-block-kadence-advancedbtn.kt-btns_fbfade-51 .kt-btn-wrap-0 .kt-button:hover, .wp-block-kadence-advancedbtn.kt-btns_fbfade-51 .kt-btn-wrap-0 .kt-button:focus{color:#ffffff;border-color:#444444;}.wp-block-kadence-advancedbtn.kt-btns_fbfade-51 .kt-btn-wrap-0 .kt-button::before{display:none;}.wp-block-kadence-advancedbtn.kt-btns_fbfade-51 .kt-btn-wrap-0 .kt-button:hover, .wp-block-kadence-advancedbtn.kt-btns_fbfade-51 .kt-btn-wrap-0 .kt-button:focus{background:#444444;}<\/style>\n<div class=\"wp-block-kadence-advancedbtn kt-btn-align-center kt-btn-tablet-align-inherit kt-btn-mobile-align-inherit kt-btns-wrap kt-btns_fbfade-51\"><div class=\"kt-btn-wrap kt-btn-wrap-0\"><a class=\"kt-button button kt-btn-0-action kt-btn-size-standard kt-btn-style-basic kt-btn-svg-show-always kt-btn-has-text-true kt-btn-has-svg-false\" href=\"https:\/\/www.wildbadquelle.de\/\" target=\"_blank\" rel=\"noreferrer noopener\"><span class=\"kt-btn-inner-text\">Zur Haller Wildbadquelle<\/span><\/a><\/div><\/div>\n\n\n\n<div style=\"height:30px\" aria-hidden=\"true\" class=\"wp-block-spacer\"><\/div>\n<\/div><\/div>\n<\/div><\/div><\/div>\n\n\n\n<div style=\"height:60px\" aria-hidden=\"true\" class=\"wp-block-spacer\"><\/div>\n\n\n\n<h2 class=\"has-text-align-center wp-block-heading\">Folgen Sie uns in den sozialen Medien<\/h2>\n\n\n<style>#kt-layout-id_0686e4-63 > .kt-row-column-wrap{align-content:start;}:where(#kt-layout-id_0686e4-63 > .kt-row-column-wrap) > .wp-block-kadence-column{justify-content:start;}#kt-layout-id_0686e4-63 > .kt-row-column-wrap{column-gap:80px;row-gap:var(--global-kb-gap-md, 2rem);padding-top:var( --global-kb-row-default-top, 25px );padding-bottom:var( --global-kb-row-default-bottom, 25px );padding-top:30px;padding-bottom:0px;}#kt-layout-id_0686e4-63 > .kt-row-column-wrap > div:not(.added-for-specificity){grid-column:initial;}#kt-layout-id_0686e4-63 > .kt-row-column-wrap{grid-template-columns:repeat(3, minmax(0, 1fr));}#kt-layout-id_0686e4-63 > .kt-row-layout-overlay{opacity:0.30;}@media all and (max-width: 1024px){#kt-layout-id_0686e4-63 > .kt-row-column-wrap > div:not(.added-for-specificity){grid-column:initial;}}@media all and (max-width: 1024px){#kt-layout-id_0686e4-63 > .kt-row-column-wrap{grid-template-columns:repeat(3, minmax(0, 1fr));}}@media all and (max-width: 767px){#kt-layout-id_0686e4-63 > .kt-row-column-wrap > div:not(.added-for-specificity){grid-column:initial;}#kt-layout-id_0686e4-63 > .kt-row-column-wrap{grid-template-columns:minmax(0, 1fr);}}<\/style>\n<div class=\"wp-block-kadence-rowlayout alignnone\"><div id=\"kt-layout-id_0686e4-63\" class=\"kt-row-layout-inner kt-layout-id_0686e4-63\"><div class=\"kt-row-column-wrap kt-has-3-columns kt-gutter-widest kt-v-gutter-default kt-row-valign-top kt-row-layout-equal kt-tab-layout-inherit kt-m-colapse-left-to-right kt-mobile-layout-row\"><style>.kadence-column_28f19d-b3 > .kt-inside-inner-col{border-top-width:0px;border-right-width:0px;border-bottom-width:0px;border-left-width:0px;}.kadence-column_28f19d-b3 > .kt-inside-inner-col,.kadence-column_28f19d-b3 > .kt-inside-inner-col:before{border-top-left-radius:0px;border-top-right-radius:0px;border-bottom-right-radius:0px;border-bottom-left-radius:0px;}.kadence-column_28f19d-b3 > .kt-inside-inner-col{column-gap:var(--global-kb-gap-sm, 1rem);}.kadence-column_28f19d-b3 > .kt-inside-inner-col{flex-direction:column;}.kadence-column_28f19d-b3 > .kt-inside-inner-col > .aligncenter{width:100%;}.kadence-column_28f19d-b3 > .kt-inside-inner-col:before{opacity:0.3;}.kadence-column_28f19d-b3{position:relative;}@media all and (max-width: 1024px){.kadence-column_28f19d-b3 > .kt-inside-inner-col{flex-direction:column;justify-content:center;}}@media all and (max-width: 767px){.kadence-column_28f19d-b3 > .kt-inside-inner-col{flex-direction:column;justify-content:center;}}<\/style>\n<div class=\"wp-block-kadence-column inner-column-1 kadence-column_28f19d-b3\"><div class=\"kt-inside-inner-col\">\n<figure class=\"wp-block-image size-large\"><a href=\"http:\/\/facebook.com\/haellischgut\" target=\"_blank\" rel=\"noopener\"><img decoding=\"async\" width=\"1024\" height=\"512\" src=\"https:\/\/dev.haellischgut.de\/dev\/wp-content\/uploads\/2021\/12\/social-1024x512.jpg\" alt=\"\" class=\"wp-image-86\" srcset=\"https:\/\/www.haellischgut.de\/wp-content\/uploads\/2021\/12\/social-200x100.jpg 200w, https:\/\/www.haellischgut.de\/wp-content\/uploads\/2021\/12\/social-300x150.jpg 300w, https:\/\/www.haellischgut.de\/wp-content\/uploads\/2021\/12\/social-400x200.jpg 400w, https:\/\/www.haellischgut.de\/wp-content\/uploads\/2021\/12\/social-600x300.jpg 600w, https:\/\/www.haellischgut.de\/wp-content\/uploads\/2021\/12\/social-768x384.jpg 768w, https:\/\/www.haellischgut.de\/wp-content\/uploads\/2021\/12\/social-800x400.jpg 800w, https:\/\/www.haellischgut.de\/wp-content\/uploads\/2021\/12\/social-1024x512.jpg 1024w, https:\/\/www.haellischgut.de\/wp-content\/uploads\/2021\/12\/social-1200x600.jpg 1200w, https:\/\/www.haellischgut.de\/wp-content\/uploads\/2021\/12\/social.jpg 1250w\" sizes=\"(max-width: 1024px) 100vw, 1024px\" \/><\/a><\/figure>\n<\/div><\/div>\n\n\n<style>.kadence-column_f5ebe0-5d > .kt-inside-inner-col{border-top-width:0px;border-right-width:0px;border-bottom-width:0px;border-left-width:0px;}.kadence-column_f5ebe0-5d > .kt-inside-inner-col,.kadence-column_f5ebe0-5d > .kt-inside-inner-col:before{border-top-left-radius:0px;border-top-right-radius:0px;border-bottom-right-radius:0px;border-bottom-left-radius:0px;}.kadence-column_f5ebe0-5d > .kt-inside-inner-col{column-gap:var(--global-kb-gap-sm, 1rem);}.kadence-column_f5ebe0-5d > .kt-inside-inner-col{flex-direction:column;}.kadence-column_f5ebe0-5d > .kt-inside-inner-col > .aligncenter{width:100%;}.kadence-column_f5ebe0-5d > .kt-inside-inner-col:before{opacity:0.3;}.kadence-column_f5ebe0-5d{position:relative;}@media all and (max-width: 1024px){.kadence-column_f5ebe0-5d > .kt-inside-inner-col{flex-direction:column;justify-content:center;}}@media all and (max-width: 767px){.kadence-column_f5ebe0-5d > .kt-inside-inner-col{flex-direction:column;justify-content:center;}}<\/style>\n<div class=\"wp-block-kadence-column inner-column-2 kadence-column_f5ebe0-5d\"><div class=\"kt-inside-inner-col\">\n<figure class=\"wp-block-image size-large\"><a href=\"https:\/\/www.instagram.com\/haellischgut\/\" target=\"_blank\" rel=\"noopener\"><img decoding=\"async\" width=\"1024\" height=\"512\" src=\"https:\/\/dev.haellischgut.de\/dev\/wp-content\/uploads\/2021\/12\/social2-1024x512.jpg\" alt=\"\" class=\"wp-image-87\" srcset=\"https:\/\/www.haellischgut.de\/wp-content\/uploads\/2021\/12\/social2-200x100.jpg 200w, https:\/\/www.haellischgut.de\/wp-content\/uploads\/2021\/12\/social2-300x150.jpg 300w, https:\/\/www.haellischgut.de\/wp-content\/uploads\/2021\/12\/social2-400x200.jpg 400w, https:\/\/www.haellischgut.de\/wp-content\/uploads\/2021\/12\/social2-600x300.jpg 600w, https:\/\/www.haellischgut.de\/wp-content\/uploads\/2021\/12\/social2-768x384.jpg 768w, https:\/\/www.haellischgut.de\/wp-content\/uploads\/2021\/12\/social2-800x400.jpg 800w, https:\/\/www.haellischgut.de\/wp-content\/uploads\/2021\/12\/social2-1024x512.jpg 1024w, https:\/\/www.haellischgut.de\/wp-content\/uploads\/2021\/12\/social2-1200x600.jpg 1200w, https:\/\/www.haellischgut.de\/wp-content\/uploads\/2021\/12\/social2.jpg 1250w\" sizes=\"(max-width: 1024px) 100vw, 1024px\" \/><\/a><\/figure>\n<\/div><\/div>\n\n\n<style>.kadence-column_5f39c7-08 > .kt-inside-inner-col{border-top-width:0px;border-right-width:0px;border-bottom-width:0px;border-left-width:0px;}.kadence-column_5f39c7-08 > .kt-inside-inner-col,.kadence-column_5f39c7-08 > .kt-inside-inner-col:before{border-top-left-radius:0px;border-top-right-radius:0px;border-bottom-right-radius:0px;border-bottom-left-radius:0px;}.kadence-column_5f39c7-08 > .kt-inside-inner-col{column-gap:var(--global-kb-gap-sm, 1rem);}.kadence-column_5f39c7-08 > .kt-inside-inner-col{flex-direction:column;}.kadence-column_5f39c7-08 > .kt-inside-inner-col > .aligncenter{width:100%;}.kadence-column_5f39c7-08 > .kt-inside-inner-col:before{opacity:0.3;}.kadence-column_5f39c7-08{position:relative;}@media all and (max-width: 1024px){.kadence-column_5f39c7-08 > .kt-inside-inner-col{flex-direction:column;justify-content:center;}}@media all and (max-width: 767px){.kadence-column_5f39c7-08 > .kt-inside-inner-col{flex-direction:column;justify-content:center;}}<\/style>\n<div class=\"wp-block-kadence-column inner-column-3 kadence-column_5f39c7-08\"><div class=\"kt-inside-inner-col\">\n<figure class=\"wp-block-image size-large\"><a href=\"https:\/\/www.youtube.com\/channel\/UCpW5khr-51iiuHnxbOj3Rqg\" target=\"_blank\" rel=\"noopener\"><img decoding=\"async\" width=\"1024\" height=\"512\" src=\"https:\/\/dev.haellischgut.de\/dev\/wp-content\/uploads\/2021\/12\/social3-1024x512.jpg\" alt=\"\" class=\"wp-image-88\" srcset=\"https:\/\/www.haellischgut.de\/wp-content\/uploads\/2021\/12\/social3-200x100.jpg 200w, https:\/\/www.haellischgut.de\/wp-content\/uploads\/2021\/12\/social3-300x150.jpg 300w, https:\/\/www.haellischgut.de\/wp-content\/uploads\/2021\/12\/social3-400x200.jpg 400w, https:\/\/www.haellischgut.de\/wp-content\/uploads\/2021\/12\/social3-600x300.jpg 600w, https:\/\/www.haellischgut.de\/wp-content\/uploads\/2021\/12\/social3-768x384.jpg 768w, https:\/\/www.haellischgut.de\/wp-content\/uploads\/2021\/12\/social3-800x400.jpg 800w, https:\/\/www.haellischgut.de\/wp-content\/uploads\/2021\/12\/social3-1024x512.jpg 1024w, https:\/\/www.haellischgut.de\/wp-content\/uploads\/2021\/12\/social3-1200x600.jpg 1200w, https:\/\/www.haellischgut.de\/wp-content\/uploads\/2021\/12\/social3.jpg 1250w\" sizes=\"(max-width: 1024px) 100vw, 1024px\" \/><\/a><\/figure>\n<\/div><\/div>\n<\/div><\/div><\/div>\n","protected":false},"excerpt":{"rendered":"<p>Herzlich willkommen bei der L\u00f6wenbrauerei Hall &amp; Haller Wildbadquelle Wir [&hellip;]<\/p>\n","protected":false},"author":1,"featured_media":0,"parent":0,"menu_order":0,"comment_status":"closed","ping_status":"closed","template":"","meta":{"footnotes":""},"class_list":["post-12","page","type-page","status-publish","hentry"],"_links":{"self":[{"href":"https:\/\/www.haellischgut.de\/index.php?rest_route=\/wp\/v2\/pages\/12","targetHints":{"allow":["GET"]}}],"collection":[{"href":"https:\/\/www.haellischgut.de\/index.php?rest_route=\/wp\/v2\/pages"}],"about":[{"href":"https:\/\/www.haellischgut.de\/index.php?rest_route=\/wp\/v2\/types\/page"}],"author":[{"embeddable":true,"href":"https:\/\/www.haellischgut.de\/index.php?rest_route=\/wp\/v2\/users\/1"}],"replies":[{"embeddable":true,"href":"https:\/\/www.haellischgut.de\/index.php?rest_route=%2Fwp%2Fv2%2Fcomments&post=12"}],"version-history":[{"count":43,"href":"https:\/\/www.haellischgut.de\/index.php?rest_route=\/wp\/v2\/pages\/12\/revisions"}],"predecessor-version":[{"id":106,"href":"https:\/\/www.haellischgut.de\/index.php?rest_route=\/wp\/v2\/pages\/12\/revisions\/106"}],"wp:attachment":[{"href":"https:\/\/www.haellischgut.de\/index.php?rest_route=%2Fwp%2Fv2%2Fmedia&parent=12"}],"curies":[{"name":"wp","href":"https:\/\/api.w.org\/{rel}","templated":true}]}}